{"id":335,"date":"2019-09-02T09:09:12","date_gmt":"2019-09-02T09:09:12","guid":{"rendered":"https:\/\/estudiolegalcaceresyasociados.com\/index.php\/about\/"},"modified":"2023-03-02T20:18:08","modified_gmt":"2023-03-02T20:18:08","slug":"about","status":"publish","type":"page","link":"https:\/\/estudiolegalcaceresyasociados.com\/index.php\/about\/","title":{"rendered":"About"},"content":{"rendered":"\n\n\t\t\t<h1> Nosotros Somos<\/h1>\n\t\t\t<h2>\u00bfQui\u00e9nes somos?<\/h2>\n\t<p>Somos una firma comprometida con prestar un servicio de calidad:<\/p>\n\t\t\t\t<img decoding=\"async\" src=\"http:\/\/estudiolegalcaceresyasociados.com\/wp-content\/uploads\/2022\/12\/cropped-Logo-original.png\" alt=\"http:\/\/estudiolegalcaceresyasociados.com\/wp-content\/uploads\/2022\/12\/cropped-Logo-original.png\" itemprop=\"image\" title=\"cropped-Logo-original.png\" onerror=\"this.style.display='none'\"  \/>\n<p>Somos una firma de abogados que presta sus servicios a nivel nacional con proyecci\u00f3n internacional en Estados Unidos de Am\u00e9rica, Espa\u00f1a y Canad\u00e1.<\/p>\n<p>Sociedad constituida desde el a\u00f1o 2010 y desde sus inicios ha sido reconocida por nuestros clientes como una sociedad que cuenta con un equipo calificado, confiable y especializado, que brinda la mejor asesor\u00eda, consultor\u00eda y representaci\u00f3n legal en cualquier litigio. Contamos con un equipo interdisciplinario y abogados profesionales con alta experiencia en el sector p\u00fablico y privado, con calidad humana y con especializaci\u00f3n en las diferentes \u00e1reas del derecho.<\/p>\n\t\t\t\t<img decoding=\"async\" src=\"http:\/\/estudiolegalcaceresyasociados.com\/wp-content\/uploads\/2020\/02\/doc-signing.jpg\" alt=\"doc-signing\" title=\"doc-signing\" itemprop=\"image\"\/>\n\t<h2>\n\t\t\t\tMisi\u00f3n\n\t\t\t<\/h2>\n\t<p>Nuestra firma de abogados, tiene como fin prestar servicios profesionales en las diferentes \u00e1reas del derecho y la defensa de los derechos de las personas.<\/p>\n\t<h2>\n\t\t\t\tVisi\u00f3n\n\t\t\t<\/h2>\n\t<p>Estar dentro del ranking de las 10 mejores firmas a nivel nacional para el a\u00f1o 2026, logrando la preferencia de los clientes por ser una sociedad confiable, honesta y con m\u00e1s casos de \u00e9xito.<\/p>\n\t\t<h5>Abogados especializados<\/h5>\t\t\t\n\t\t<h5>Honestidad, tu inversi\u00f3n es valiosa<\/h5>\t\t\t\n\t\t<h5>Trayectoria profesional<\/h5>\t\t\t\n\n","protected":false},"excerpt":{"rendered":"<p>Nosotros Somos \u00bfQui\u00e9nes somos? Somos una firma comprometida con prestar un servicio de calidad: Somos una firma de abogados que presta sus servicios a nivel nacional con proyecci\u00f3n internacional en Estados Unidos de Am\u00e9rica, Espa\u00f1a y Canad\u00e1. Sociedad constituida desde el a\u00f1o 2010 y desde sus inicios ha sido reconocida por nuestros clientes como una [&hellip;]<\/p>\n","protected":false},"author":1,"featured_media":0,"parent":0,"menu_order":0,"comment_status":"closed","ping_status":"closed","template":"","meta":{"om_disable_all_campaigns":false,"_monsterinsights_skip_tracking":false,"_monsterinsights_sitenote_active":false,"_monsterinsights_sitenote_note":"","_monsterinsights_sitenote_category":0,"site-sidebar-layout":"no-sidebar","site-content-layout":"page-builder","ast-site-content-layout":"default","site-content-style":"default","site-sidebar-style":"default","ast-global-header-display":"","ast-banner-title-visibility":"","ast-main-header-display":"","ast-hfb-above-header-display":"","ast-hfb-below-header-display":"","ast-hfb-mobile-header-display":"","site-post-title":"disabled","ast-breadcrumbs-content":"disabled","ast-featured-img":"disabled","footer-sml-layout":"","theme-transparent-header-meta":"enabled","adv-header-id-meta":"","stick-header-meta":"","header-above-stick-meta":"","header-main-stick-meta":"","header-below-stick-meta":"","astra-migrate-meta-layouts":"default","ast-page-background-enabled":"default","ast-page-background-meta":{"desktop":{"background-color":"","background-image":"","background-repeat":"repeat","background-position":"center center","background-size":"auto","background-attachment":"scroll","background-type":"","background-media":"","overlay-type":"","overlay-color":"","overlay-opacity":"","overlay-gradient":""},"tablet":{"background-color":"","background-image":"","background-repeat":"repeat","background-position":"center center","background-size":"auto","background-attachment":"scroll","background-type":"","background-media":"","overlay-type":"","overlay-color":"","overlay-opacity":"","overlay-gradient":""},"mobile":{"background-color":"","background-image":"","background-repeat":"repeat","background-position":"center center","background-size":"auto","background-attachment":"scroll","background-type":"","background-media":"","overlay-type":"","overlay-color":"","overlay-opacity":"","overlay-gradient":""}},"ast-content-background-meta":{"desktop":{"background-color":"var(--ast-global-color-5)","background-image":"","background-repeat":"repeat","background-position":"center center","background-size":"auto","background-attachment":"scroll","background-type":"","background-media":"","overlay-type":"","overlay-color":"","overlay-opacity":"","overlay-gradient":""},"tablet":{"background-color":"var(--ast-global-color-5)","background-image":"","background-repeat":"repeat","background-position":"center center","background-size":"auto","background-attachment":"scroll","background-type":"","background-media":"","overlay-type":"","overlay-color":"","overlay-opacity":"","overlay-gradient":""},"mobile":{"background-color":"var(--ast-global-color-5)","background-image":"","background-repeat":"repeat","background-position":"center center","background-size":"auto","background-attachment":"scroll","background-type":"","background-media":"","overlay-type":"","overlay-color":"","overlay-opacity":"","overlay-gradient":""}},"footnotes":""},"class_list":["post-335","page","type-page","status-publish","hentry"],"aioseo_notices":[],"_links":{"self":[{"href":"https:\/\/estudiolegalcaceresyasociados.com\/index.php\/wp-json\/wp\/v2\/pages\/335","targetHints":{"allow":["GET"]}}],"collection":[{"href":"https:\/\/estudiolegalcaceresyasociados.com\/index.php\/wp-json\/wp\/v2\/pages"}],"about":[{"href":"https:\/\/estudiolegalcaceresyasociados.com\/index.php\/wp-json\/wp\/v2\/types\/page"}],"author":[{"embeddable":true,"href":"https:\/\/estudiolegalcaceresyasociados.com\/index.php\/wp-json\/wp\/v2\/users\/1"}],"replies":[{"embeddable":true,"href":"https:\/\/estudiolegalcaceresyasociados.com\/index.php\/wp-json\/wp\/v2\/comments?post=335"}],"version-history":[{"count":21,"href":"https:\/\/estudiolegalcaceresyasociados.com\/index.php\/wp-json\/wp\/v2\/pages\/335\/revisions"}],"predecessor-version":[{"id":949,"href":"https:\/\/estudiolegalcaceresyasociados.com\/index.php\/wp-json\/wp\/v2\/pages\/335\/revisions\/949"}],"wp:attachment":[{"href":"https:\/\/estudiolegalcaceresyasociados.com\/index.php\/wp-json\/wp\/v2\/media?parent=335"}],"curies":[{"name":"wp","href":"https:\/\/api.w.org\/{rel}","templated":true}]}}