{"id":334,"date":"2019-09-02T09:07:53","date_gmt":"2019-09-02T09:07:53","guid":{"rendered":"https:\/\/estudiolegalcaceresyasociados.com\/index.php\/home\/"},"modified":"2023-03-02T20:22:40","modified_gmt":"2023-03-02T20:22:40","slug":"home","status":"publish","type":"page","link":"https:\/\/estudiolegalcaceresyasociados.com\/","title":{"rendered":"Home"},"content":{"rendered":"\n\n\t\t\t<h5>Consultor\u00eda, Asesor\u00edas y Litigio<\/h5><h1>Expertos legales<\/h1>\nESTUDIO LEGAL CACERES &amp; ASOCIADOS S.A.S. Es una firma de abogados que presta sus servicios a nivel nacional con proyecci\u00f3n internacional en Estados Unidos de Am\u00e9rica, Espa\u00f1a y Canad\u00e1, sociedad constituida desde el a\u00f1o 2010.\n\t\t\t<a href=\"https:\/\/estudiolegalcaceresyasociados.com\/index.php\/about\/\" target=\"_self\" role=\"button\" aria-label=\"Conocer m\u00e1s de la firma\" rel=\"noopener\">\n\t\t\t\t\t\t\tConocer m\u00e1s de la firma\n\t\t<\/a>\n\t\t\t<h2>Pensando en ti<\/h2>\n\t\t\t\t<p>Te brindamos soluciones legales integrales en todas las \u00e1reas del derecho, convirti\u00e9ndonos en tu mejor aliado, siempre confiable.<\/p>\n\t<h6>\n\t\t\t\t<a href=\"#\" title=\"\u00c1lvaro C\u00e1ceres\" target=\"_self\" rel=\"noopener\">\n\t\t\t\t\u00c1lvaro C\u00e1ceres\n\t\t\t\t<\/a>\n\t\t\t<\/h6>\n\t\t\t\t<img decoding=\"async\" src=\"http:\/\/estudiolegalcaceresyasociados.com\/wp-content\/uploads\/2020\/02\/court-room.jpg\" alt=\"court-room\" title=\"court-room\" itemprop=\"image\"\/>\n\t\t\t<h2>Nuestros servicios<\/h2>\n\t\t\t\t<p>Contamos con un equipo interdisciplinario y abogados profesionales con alta experiencia en el sector p\u00fablico y privado, con calidad humana y con especializaci\u00f3n en las diferentes \u00e1reas del Derecho.<\/p>\n\t<a href=\"https:\/\/estudiolegalcaceresyasociados.com\/index.php\/practice-areas\/\" target=\"_self\" aria-label=\"Go to https:\/\/estudiolegalcaceresyasociados.com\/index.php\/practice-areas\/\" rel=\"noopener\"><\/a>\n\t\t\t<h2>.01<\/h2><h5>Derecho P\u00fablico<\/h5>\n\t<a href=\"https:\/\/estudiolegalcaceresyasociados.com\/index.php\/practice-areas\/\" target=\"_self\" aria-label=\"Go to https:\/\/estudiolegalcaceresyasociados.com\/index.php\/practice-areas\/\" rel=\"noopener\"><\/a>\n\t\t\t<h2>.02<\/h2><h5>Derecho Administrativo y Contencioso Administrativo<\/h5>\n\t<a href=\"https:\/\/estudiolegalcaceresyasociados.com\/index.php\/practice-areas\/\" target=\"_self\" aria-label=\"Go to https:\/\/estudiolegalcaceresyasociados.com\/index.php\/practice-areas\/\" rel=\"noopener\"><\/a>\n\t\t\t<h2>.03<\/h2><h5>Acciones ante Notariado y Registro<\/h5>\n\t<a href=\"https:\/\/estudiolegalcaceresyasociados.com\/index.php\/practice-areas\/\" target=\"_self\" aria-label=\"Go to https:\/\/estudiolegalcaceresyasociados.com\/index.php\/practice-areas\/\" rel=\"noopener\"><\/a>\n\t\t\t<h2>.04<\/h2><h5>Derecho Penal<\/h5>\n\t<a href=\"https:\/\/estudiolegalcaceresyasociados.com\/index.php\/practice-areas\/\" target=\"_self\" aria-label=\"Go to https:\/\/estudiolegalcaceresyasociados.com\/index.php\/practice-areas\/\" rel=\"noopener\"><\/a>\n\t\t\t<h2>.05<\/h2><h5>Derecho Laboral y Seguridad Social<\/h5>\n\t<a href=\"https:\/\/estudiolegalcaceresyasociados.com\/index.php\/practice-areas\/\" target=\"_self\" aria-label=\"Go to https:\/\/estudiolegalcaceresyasociados.com\/index.php\/practice-areas\/\" rel=\"noopener\"><\/a>\n\t\t\t<h2>.06<\/h2><h5>Derecho Privado<\/h5>\n\t<h4>\n\t\t\t\tTambi\u00e9n te representamos ante:\n\t\t\t<\/h4>\n\t\t\t<p>Jueces, Tribunales y Altas Cortes.<\/p>\t\n\t<ul>\n\t\t<li>\t\t\t\t\n\t\t<p>Corte Suprema de Justicia<\/p><\/li><li>\t\t\t\t\n\t\t<p>Consejo de Estado<\/p><\/li><li>\t\t\t\t\n\t\t<p>Corte Constitucional<\/p><\/li><li>\t\t\t\t\n\t\t<p>Justicia Especial para la Paz.<\/p><\/li>\t<\/ul>\n\t\t\t<a href=\"https:\/\/estudiolegalcaceresyasociados.com\/index.php\/practice-areas\/\" target=\"_self\" role=\"button\" aria-label=\"Ver m\u00e1s areas del derecho\" rel=\"noopener\">\n\t\t\t\t\t\t\tVer m\u00e1s areas del derecho\n\t\t<\/a>\n\t<h2>\n\t\t\t\tFAQ\n\t\t\t<\/h2>\n\n\t\t\t\t\t\t<h5 tabindex=\"0\">\u00bfPor que contratarnos?<\/h5>\n\t\t\t<p>Contamos con un equipo de profesionales especializados con experiencia de la m\u00e1s alta calidad en consultar\u00eda, asesor\u00eda y litigio, obteniendo los mejores resultados para el beneficio de nuestros clientes.<\/p>\n\t\t\t\t\t\t<h5 tabindex=\"0\">\u00bfSi estoy fuera de Bogot\u00e1 pueden asesorarme?<\/h5>\n\t\t\t<p>Contamos con cobertura nacional, apoyo internacional y con herramientas modernas que facilitan la prestaci\u00f3n del servicio.<\/p>\n\t\t\t\t\t\t<h5 tabindex=\"0\">\u00bfCu\u00e1ntos a\u00f1os de experiencia tienen?<\/h5>\n\t\t\t<p>Tenemos 12 a\u00f1os brindando soluciones a personas naturales y jur\u00eddicas ante m\u00faltiples entes privados y p\u00fablicos.<\/p>\n\t\t<!-- Comment to fix spacing issue\n\t-->\n\t\t<h2>0+<\/h2>Consultas respondidas\n\t<!-- Comment to fix spacing issue\n\t-->\t\n\t\t<!-- Comment to fix spacing issue\n\t-->\n\t\t<h2>0%<\/h2>\u00c9xito en casos\n\t<!-- Comment to fix spacing issue\n\t-->\t\n\t\t<!-- Comment to fix spacing issue\n\t-->\n\t\t<h2>0M<\/h2>Dinero recuperado\n\t<!-- Comment to fix spacing issue\n\t-->\t\n\t\t<!-- Comment to fix spacing issue\n\t-->\n\t\t<h2>0<\/h2>Casos ganados\n\t<!-- Comment to fix spacing issue\n\t-->\t\n\t\t<!-- Comment to fix spacing issue\n\t-->\n\t\t<h2>0+<\/h2>Procesos activos\n\t<!-- Comment to fix spacing issue\n\t-->\t\n<h2>\n\t\tAlgunas entidades ante las cuales te podemos representar\n\t<\/h2>\n\t\t\t\t<img decoding=\"async\" src=\"https:\/\/estudiolegalcaceresyasociados.com\/wp-content\/uploads\/2022\/12\/LOGOHORIZCORTE-1.png\" alt=\"LOGOHORIZCORTE (1)\" title=\"LOGOHORIZCORTE (1)\" itemprop=\"image\"\/>\n\t\t\t\t<img decoding=\"async\" src=\"https:\/\/estudiolegalcaceresyasociados.com\/wp-content\/uploads\/2022\/12\/Logo_Colpensiones.png\" alt=\"Logo_Colpensiones\" title=\"Logo_Colpensiones\" itemprop=\"image\"\/>\n\t\t\t\t<img decoding=\"async\" src=\"http:\/\/estudiolegalcaceresyasociados.com\/wp-content\/uploads\/2022\/12\/16.png\" alt=\"16\" title=\"16\" itemprop=\"image\"\/>\n\t\t\t\t<img decoding=\"async\" src=\"http:\/\/estudiolegalcaceresyasociados.com\/wp-content\/uploads\/2022\/12\/capturadepantalla20171202alas20004pm-76e864a301e29f3035543a0728f1b07a-1200x600-1.png\" alt=\"capturadepantalla20171202alas20004pm-76e864a301e29f3035543a0728f1b07a-1200x600\" title=\"capturadepantalla20171202alas20004pm-76e864a301e29f3035543a0728f1b07a-1200x600\" itemprop=\"image\"\/>\n\t\t\t\t<img decoding=\"async\" src=\"https:\/\/estudiolegalcaceresyasociados.com\/wp-content\/uploads\/2022\/12\/layout_set_logo.png\" alt=\"layout_set_logo\" title=\"layout_set_logo\" itemprop=\"image\"\/>\n\t\t\t<h2>Testimonios<\/h2>\n\t\t\t\t<img decoding=\"async\" src=\"https:\/\/estudiolegalcaceresyasociados.com\/wp-content\/uploads\/bb-plugin\/cache\/testimonial02-circle.jpg\" alt=\"testimonial02\" title=\"testimonial02\" itemprop=\"image\"\/>\n\t\t\t\t\t\t\t<p>Me ayudo a regularizar ciertos aspectos jur\u00eddicos de mi empresa en el \u00e1rea laboral y administrativa.<\/p>\t\t\t\t\t\t\n\t\t\t\t\t\t\t\t<h5 class='uabb-testimonial-author-name testimonial-author-name'>Sebasti\u00e1n Rivero<\/h5>\n                              <input type=\"radio\" value=\"5\"\/>\n                  <label title=\"5 out of 5 stars\"><\/label>\n                  <input type=\"radio\" value=\"4\"\/>\n                  <label title=\"4 out of 5 stars\"><\/label>\n                  <input type=\"radio\" value=\"3\"\/>\n                  <label title=\"3 out of 5 stars\"><\/label>\n                  <input type=\"radio\" value=\"2\"\/>\n                  <label title=\"2 out of 5 stars\"><\/label>\n                  <input type=\"radio\" value=\"1\"\/>\n                  <label title=\"1 out of 5 stars\"><\/label>\n\t\t\t\t\t\t\t\t\tColombia- Micro Empresario\t\t\t\t\t\t\t\t\n\t\n","protected":false},"excerpt":{"rendered":"<p>Consultor\u00eda, Asesor\u00edas y Litigio Expertos legales ESTUDIO LEGAL CACERES &amp; ASOCIADOS S.A.S. Es una firma de abogados que presta sus servicios a nivel nacional con proyecci\u00f3n internacional en Estados Unidos de Am\u00e9rica, Espa\u00f1a y Canad\u00e1, sociedad constituida desde el a\u00f1o 2010. Conocer m\u00e1s de la firma Pensando en ti Te brindamos soluciones legales integrales en [&hellip;]<\/p>\n","protected":false},"author":1,"featured_media":0,"parent":0,"menu_order":0,"comment_status":"closed","ping_status":"closed","template":"","meta":{"om_disable_all_campaigns":false,"_monsterinsights_skip_tracking":false,"_monsterinsights_sitenote_active":false,"_monsterinsights_sitenote_note":"","_monsterinsights_sitenote_category":0,"site-sidebar-layout":"no-sidebar","site-content-layout":"page-builder","ast-site-content-layout":"default","site-content-style":"default","site-sidebar-style":"default","ast-global-header-display":"","ast-banner-title-visibility":"","ast-main-header-display":"","ast-hfb-above-header-display":"","ast-hfb-below-header-display":"","ast-hfb-mobile-header-display":"","site-post-title":"disabled","ast-breadcrumbs-content":"disabled","ast-featured-img":"disabled","footer-sml-layout":"","theme-transparent-header-meta":"enabled","adv-header-id-meta":"","stick-header-meta":"","header-above-stick-meta":"","header-main-stick-meta":"","header-below-stick-meta":"","astra-migrate-meta-layouts":"default","ast-page-background-enabled":"default","ast-page-background-meta":{"desktop":{"background-color":"","background-image":"","background-repeat":"repeat","background-position":"center center","background-size":"auto","background-attachment":"scroll","background-type":"","background-media":"","overlay-type":"","overlay-color":"","overlay-opacity":"","overlay-gradient":""},"tablet":{"background-color":"","background-image":"","background-repeat":"repeat","background-position":"center center","background-size":"auto","background-attachment":"scroll","background-type":"","background-media":"","overlay-type":"","overlay-color":"","overlay-opacity":"","overlay-gradient":""},"mobile":{"background-color":"","background-image":"","background-repeat":"repeat","background-position":"center center","background-size":"auto","background-attachment":"scroll","background-type":"","background-media":"","overlay-type":"","overlay-color":"","overlay-opacity":"","overlay-gradient":""}},"ast-content-background-meta":{"desktop":{"background-color":"var(--ast-global-color-5)","background-image":"","background-repeat":"repeat","background-position":"center center","background-size":"auto","background-attachment":"scroll","background-type":"","background-media":"","overlay-type":"","overlay-color":"","overlay-opacity":"","overlay-gradient":""},"tablet":{"background-color":"var(--ast-global-color-5)","background-image":"","background-repeat":"repeat","background-position":"center center","background-size":"auto","background-attachment":"scroll","background-type":"","background-media":"","overlay-type":"","overlay-color":"","overlay-opacity":"","overlay-gradient":""},"mobile":{"background-color":"var(--ast-global-color-5)","background-image":"","background-repeat":"repeat","background-position":"center center","background-size":"auto","background-attachment":"scroll","background-type":"","background-media":"","overlay-type":"","overlay-color":"","overlay-opacity":"","overlay-gradient":""}},"footnotes":""},"class_list":["post-334","page","type-page","status-publish","hentry"],"aioseo_notices":[],"_links":{"self":[{"href":"https:\/\/estudiolegalcaceresyasociados.com\/index.php\/wp-json\/wp\/v2\/pages\/334","targetHints":{"allow":["GET"]}}],"collection":[{"href":"https:\/\/estudiolegalcaceresyasociados.com\/index.php\/wp-json\/wp\/v2\/pages"}],"about":[{"href":"https:\/\/estudiolegalcaceresyasociados.com\/index.php\/wp-json\/wp\/v2\/types\/page"}],"author":[{"embeddable":true,"href":"https:\/\/estudiolegalcaceresyasociados.com\/index.php\/wp-json\/wp\/v2\/users\/1"}],"replies":[{"embeddable":true,"href":"https:\/\/estudiolegalcaceresyasociados.com\/index.php\/wp-json\/wp\/v2\/comments?post=334"}],"version-history":[{"count":33,"href":"https:\/\/estudiolegalcaceresyasociados.com\/index.php\/wp-json\/wp\/v2\/pages\/334\/revisions"}],"predecessor-version":[{"id":950,"href":"https:\/\/estudiolegalcaceresyasociados.com\/index.php\/wp-json\/wp\/v2\/pages\/334\/revisions\/950"}],"wp:attachment":[{"href":"https:\/\/estudiolegalcaceresyasociados.com\/index.php\/wp-json\/wp\/v2\/media?parent=334"}],"curies":[{"name":"wp","href":"https:\/\/api.w.org\/{rel}","templated":true}]}}